{"id":3,"date":"2022-11-16T14:15:28","date_gmt":"2022-11-16T14:15:28","guid":{"rendered":"https:\/\/saunasresistenciasmdp.com\/?page_id=3"},"modified":"2022-11-29T18:32:05","modified_gmt":"2022-11-29T18:32:05","slug":"privacy-policy","status":"publish","type":"page","link":"https:\/\/saunasresistenciasmdp.com\/index.php\/privacy-policy\/","title":{"rendered":"Politica de privacidad, terminos y devoluciones"},"content":{"rendered":"\t\t<div data-elementor-type=\"wp-page\" data-elementor-id=\"3\" class=\"elementor elementor-3\" data-elementor-post-type=\"page\">\n\t\t\t\t\t\t<section class=\"wd-negative-gap elementor-section elementor-top-section elementor-element elementor-element-7aa447e elementor-section-boxed elementor-section-height-default elementor-section-height-default\" data-id=\"7aa447e\" data-element_type=\"section\" data-e-type=\"section\">\n\t\t\t\t\t\t<div class=\"elementor-container elementor-column-gap-default\">\n\t\t\t\t\t<div class=\"elementor-column elementor-col-100 elementor-top-column elementor-element elementor-element-6f94acb\" data-id=\"6f94acb\" data-element_type=\"column\" data-e-type=\"column\">\n\t\t\t<div class=\"elementor-widget-wrap elementor-element-populated\">\n\t\t\t\t\t\t<div class=\"elementor-element elementor-element-a5a2ef0 elementor-widget elementor-widget-wd_text_block\" data-id=\"a5a2ef0\" data-element_type=\"widget\" data-e-type=\"widget\" data-widget_type=\"wd_text_block.default\">\n\t\t\t\t<div class=\"elementor-widget-container\">\n\t\t\t\t\t\t\t<div class=\"wd-text-block reset-last-child text-left\">\n\t\t\t\n\t\t\t<p><strong>T\u00e9rminos y Condiciones de Resistencias Mar del Plata.com y parriwatt .com<\/strong><\/p>\n<p>Bienvenidos a www.resistenciasmdp.com.ar \/ https:\/\/saunasresistenciasmdp.com \/ <span style=\"font-family: Roboto, sans-serif; font-size: 14px; font-style: normal; font-variant-ligatures: normal; font-variant-caps: normal; font-weight: 400; color: var( --e-global-color-text );\">www.parriwatt.com<\/span><span style=\"font-size: 14px; color: var( --e-global-color-text );\">\u00a0(el \u201cSitio\u201d) de Resistencias Mar del Plata S.R.L (\u201cResistencias Mar del Plata\u201d).A continuaci\u00f3n se incluyen las condiciones generales de utilizaci\u00f3n de los servicios ofrecidos en el Sitio (el \u201cServicio\u201d y las \u201cCondiciones de Uso\u201d respectivamente) que regir\u00e1n los derechos y obligaciones entre los usuarios (los \u201cUsuarios\u201d y\/o el \u201cUsuario\u201d) y Resistencias Mar del Plata. Resistencias Mar del Plata recomienda especialmente guardar una copia impresa de las Condiciones de Uso Al ingresar en el Sitio, el Usuario declara saber, conocer y aceptar las presentes Condiciones de Uso. Las Condiciones de Uso, as\u00ed como sus modificaciones, estar\u00e1n vigentes en forma inmediata a su publicaci\u00f3n en el Sitio. La utilizaci\u00f3n del Sitio implica el conocimiento y la aceptaci\u00f3n plena por parte del Usuario de las Condiciones de Uso. En caso de no aceptar en las Condiciones de Uso o cualquier cambio o modificaci\u00f3n de las mismas no deber\u00e1 continuar utilizando el Sitio. Naturaleza del Servicio y destino del Sitio. El Sitio ha sido programado para que constituya un medio virtual para el acceso de los Usuarios a las g\u00f3ndolas de la tienda de Resistencias Mar del Plata del \u00e1rea de su domicilio. Usuarios que pueden utilizar los Servicios del Sitio. Los Servicios s\u00f3lo est\u00e1n disponibles para personas que tengan capacidad legal para contratar. No podr\u00e1n utilizar los Servicios las personas que no tengan esa capacidad, los menores de edad o quien registre como Usuario una persona jur\u00eddica, deber\u00e1 tener capacidad para contratar a nombre de tal entidad y de obligar a la misma en los t\u00e9rminos de estas Condiciones de Uso. Uso de los Servicios.<\/span><\/p>\n<p>El Usuario, ya sea registrado o \u201cinvitado\u201d, declara que la informaci\u00f3n que brindar\u00e1 al remitir el pedido de registraci\u00f3n ser\u00e1 precisa, correcta y actual comprometi\u00e9ndose a informar en forma inmediata y fehaciente respecto de cualquier cambio siendo a su vez enteramente responsable frente a Resistencias Mar del Plata por los da\u00f1os y perjuicios que el incumplimiento de dicha obligaci\u00f3n pudiere acarrearle incluyendo pero no limit\u00e1ndose a costos de ubicaci\u00f3n f\u00edsica del Usuario, costos de intimaciones y citaciones, etc. El Usuario acepta que utilizar\u00e1 los Servicios exclusivamente con los fines estipulados en (a) las Condiciones de Uso y (b) cualquier norma o regulaci\u00f3n aplicable ya sea de \u00edndole municipal, provincial o nacional incluyendo pero no limit\u00e1ndose a leyes, decretos, ordenanzas, resoluciones, directivas, etc. El Usuario se compromete a no divulgar su contrase\u00f1a a terceros que no estuvieren autorizados por el Usuario para acceder a los Servicios del Sitio. \u00c1mbito de aplicaci\u00f3n. Estas Condiciones de Uso son aplicables a cualquiera de todas las ventas de productos y\/o servicios a ser realizadas por Resistencias Mar del Plata dentro de la Rep\u00fablica Argentina. La realizaci\u00f3n de un pedido supone la aceptaci\u00f3n expresa del Usuario a las presentes Condiciones de Uso. Al aceptar estas Condiciones de Uso, registr\u00e1ndose como Usuario o ingresando como \u201cinvitado\u201d, usted declara bajo juramento y certifica tener 18 a\u00f1os de edad o m\u00e1s. Si usted no est\u00e1 de acuerdo (o no puede cumplir) con cualquiera de las reglas de las Condiciones de Uso, no utilice el Sitio. Toda la informaci\u00f3n proporcionada al momento de operar con el Sitio debe ser precisa y veraz. Proporcionar informaci\u00f3n inexacta o falsa constituye una violaci\u00f3n grave de estas Condiciones de Uso. Confirmando su pedido en el final del proceso de una operaci\u00f3n, el Usuario acuerda aceptar los art\u00edculos adquiridos y pagar su precio, perfeccionando con Resistencias Mar del Plata un contrato de compra-venta de mercader\u00eda. Referencias a terceros.<\/p>\n<p>Las referencias en el Sitio a nombres, marcas, productos o servicios de terceros, o v\u00ednculos de hipertexto a sitios Web o informaci\u00f3n de terceros se proveen \u00fanicamente como una comodidad para el Usuario y de ninguna forma constituyen o implican respaldo, patrocinio o recomendaci\u00f3n por Resistencias Mar del Plata respecto de la tercera parte, su informaci\u00f3n, productos o servicios. Resistencias Mar del Plata no tiene control de las pr\u00e1cticas o pol\u00edticas de esos terceros, ni del contenido de los sitios Web de cualesquiera terceros y no hace ninguna declaraci\u00f3n o promesa con respecto a productos o servicios de terceros, o respecto del contenido o la exactitud de cualquier material alojado en dichos sitios de terceros. Si el Usuario decide navegar o seguir un v\u00ednculo hacia cualquiera de tales sitios Web de terceros, lo hace enteramente bajo su propio riesgo y responsabilidad. Orden de compra correspondiente a cada pedido. El Usuario deber\u00e1 formular su pedido de la misma forma en que llena su carrito en nuestras tiendas, o sea recorriendo virtualmente las g\u00f3ndolas de la tienda, escogiendo las mercader\u00edas que desea comprar e indicando respecto de cada \u00edtem la cantidad que desea comprar. El procedimiento del Sitio le da oportunidad de a\u00f1adir o quitar \u00edtems del pedido, de anularlo por completo y de revisarlo. Pueden existir m\u00ednimos o m\u00e1ximos en la cantidad, volumen o precio de los \u00edtems incluidos en una orden de compra. Todos los precios publicados en el sitio son precios exclusivos para la compra online de los productos y podr\u00e1n diferir o ser id\u00e9nticos a los precios publicados en el resto de las sucursales seg\u00fan el caso. Aceptaci\u00f3n de pedidos.<\/p>\n<p>Por favor, tenga en cuenta que puede ocurrir que luego de aprobado por el Usuario un pedido, por distintas razones Resistencias Mar del Plata no est\u00e9 en condiciones de aceptarlo total o parcialmente y deba por ello cancelar o excluir del mismo algunos \u00edtems pedidos por el Usuario. Algunas situaciones pueden dar lugar a que algunos \u00edtems de su pedido sean excluidos del mismo, ya sea debido a limitaciones en las cantidades disponibles para la compra; faltantes de mercader\u00eda en la respectiva g\u00f3ndola; falta de autorizaci\u00f3n a la operaci\u00f3n por parte de la entidad emisora o administradora de su tarjeta de cr\u00e9dito; inexactitudes o errores en el producto o informaci\u00f3n; o problemas identificados por el departamento de prevenci\u00f3n de fraude de cr\u00e9dito y de precios. Para su seguridad, le informamos que eventualmente podemos requerirle informaci\u00f3n o realizar verificaciones adicionales antes de aceptar cualquier pedido. Si se cancela todo o parte de su pedido o si se necesita informaci\u00f3n adicional para aceptar su pedido, nos pondremos en contacto con usted. En todos los casos que deban realizarse una modificaci\u00f3n o cancelaci\u00f3n parcial de su pedido, el Usuario tendr\u00e1 siempre derecho a cancelar la totalidad del mismo. Resistencias Mar del Plata, en uso de sus facultades, se reserva el derecho de anular definitivamente cualquier operaci\u00f3n luego de la constataci\u00f3n de los datos ingresados, en cuyo caso se le comunicar\u00e1 al usuario la decisi\u00f3n. Todas las compras efectuadas estar\u00e1n sujetas al stock informado, debido a las demoras propias de las actualizaciones del sistema, es posible que el mismo le permita realizar una compra que luego deba ser anulada por falta de stock o de com\u00fan\u00a0acuerdo con el usuario, retrasar la entrega hasta concluir con la fabricaci\u00f3n\u00a0del producto. En ese caso le ser\u00e1 informado en el e-mail confirmatorio.<\/p>\n<p>\u00a0<\/p>\n<p>Es requisito necesario para la adquisici\u00f3n de los productos fabricados por Resistencias Mar del Plata, que lea y acepte los siguientes T\u00e9rminos y Condiciones que a continuaci\u00f3n se redactan. El uso de nuestros servicios as\u00ed como la compra de nuestros productos implicar\u00e1 que usted ha le\u00eddo y aceptado los T\u00e9rminos y Condiciones de Uso en el presente documento.\u00a0<\/p>\n<p>Todas las compras y transacciones que se lleven a cabo, est\u00e1n sujetas a un proceso de confirmaci\u00f3n y verificaci\u00f3n, el cual podr\u00eda incluir la verificaci\u00f3n del stock y disponibilidad de producto, validaci\u00f3n de la forma de pago, validaci\u00f3n de la factura y el cumplimiento de las condiciones requeridas por el medio de pago seleccionado. Todos los productos fabricados en resistencias mar del plata corren con un plazo de entrega de 7 a 30 d\u00edas h\u00e1biles luego de que se all\u00e1 acreditado y verificado por el \u00e1rea correspondiente la compra o se\u00f1a del 50%. Una vez verificada la compra o se\u00f1a comenzamos a contabilizar los tiempos de fabricaci\u00f3n y entrega mencionados anteriormente.<\/p>\n<p>IMPORTANTE: Los plazos de entrega pueden variar en caso de condiciones externas como falta de mercader\u00eda por parte de proveedores.<\/p>\n<p>\u00a0<\/p>\n<p>PROPIEDAD<\/p>\n<p>Usted no puede declarar propiedad intelectual o exclusiva a ninguno de nuestros productos, modificado o sin modificar. Todos los productos son propiedad\u00a0 de Resistencias Mar del Plata.\u00a0<\/p>\n<p>ETODOLOG\u00cdAS DE PAGO<\/p>\n<p>1-Pago contra entrega: En cuyo caso el comprador abonara al momento de la entrega (Entendiendo que se hab\u00eda realizado una se\u00f1a previa del 50%). La entrega se realizada en Gaboto 3545 ysin costo alguno.\u00a0<\/p>\n<p>2-Mercado Pago: Para pagos con Tarjetas de D\u00e9bito y\/o cr\u00e9ditos o cupones de Pagos la empresa utiliza la plataforma de pagos de \u201cMercado Pagos\u201d, la utilizaci\u00f3n de la misma significa la aceptaci\u00f3n de los t\u00e9rminos y condiciones por esta empresa estipulados.<\/p>\n<p>3- Transferencia Bancaria: El tiempo m\u00e1ximo para verificar la acreditaci\u00f3n de una transferencia por parte de la empresa\u00a0 es de 3 d\u00edas h\u00e1biles. Al momento de realizar la transferencia se deber\u00e1 enviar captura o comprobante de pago al vendedor. La empresa no se responsabiliza por errores en dicha transacci\u00f3n por parte del cliente.<\/p>\n<p>\u00a0<\/p>\n<p>POL\u00cdTICA DE DEVOLUCION<\/p>\n<p>En los casos en los cuales la descripci\u00f3n del producto no se ajusta a lo entregado o cuando haya una falla de fabricaci\u00f3n, los costos de la devoluci\u00f3n, reparaci\u00f3n y env\u00edos corren por nuestra exclusiva responsabilidad.\u00a0<\/p>\n<p>Todos los Productos fabricados en Resistencias Mar del Plata cuentan con una garant\u00eda de 6 Meses, la misma solo cubrir\u00e1 fallas de f\u00e1brica y s\u00f3lo se har\u00e1 efectiva cuando el producto se haya usado correctamente. La garant\u00eda no cubre aver\u00edas o da\u00f1os ocasionados por uso indebido. Los t\u00e9rminos de la garant\u00eda est\u00e1n asociados a fallas de fabricaci\u00f3n y funcionamiento en condiciones normales de los productos y s\u00f3lo se har\u00e1n efectivos estos t\u00e9rminos si el equipo ha sido usado correctamente.\u00a0<\/p>\n<p>\u00a0<\/p>\n<p>M\u00c9TODOS DE ENVIO<\/p>\n<p>El comprador podr\u00e1 elegir los siguientes m\u00e9todos de Env\u00edos:<\/p>\n<p><span style=\"font-size: 14px; color: var(--wd-text-color);\">1- Retiro por el local: En este caso el comprador retira su compra por nuestra fabrica ubicada en Gaboto 3545, Mar del Plata en el horario convenido.<\/span><\/p>\n<p>\u00a0<\/p>\n<p>2- Despacho por Encomienda: En los casos en que el comprador as\u00ed lo definiese, Resistencias Mar del Plata se compromete a enviar por encomienda a la localidad\/Ubicaci\u00f3n que el comprador designe, en este caso el costo de embalaje y despacho por la empresa que ofrezca este servicio de encomiendas a la localidad designada ser\u00e1 a cargo del comprador y deber\u00e1 abonarse antes del despacho. Resistencias Mar del Plata no se hace cargo de p\u00e9rdidas ocasionadas durante \u00e9l envi\u00f3, en caso de suceder se deber\u00e1 hacer cargo bajo la empresa contratada para dicho despacho.<\/p>\n<p>El costo de transporte corre por cuenta del comprador quien abonar\u00e1 el mismo al momento de organizar el despacho o al retirarlo de la terminal y que depender\u00e1 del importe definido por la empresa que brinde el servicio como as\u00ed tambi\u00e9n la responsabilidad de roturas o extrav\u00edos corre por cuenta y orden del mismo.<\/p>\n<p>OMPROBACI\u00d3N ANTIFRAUDE<\/p>\n<p>La compra del cliente puede ser aplazada para la comprobaci\u00f3n antifraude. Tambi\u00e9n puede ser suspendida por m\u00e1s tiempo para una investigaci\u00f3n m\u00e1s rigurosa, para evitar transacciones fraudulentas.<\/p>\n<p>\u00a0<\/p>\n\t\t\t\t\t<\/div>\n\t\t\t\t\t\t<\/div>\n\t\t\t\t<\/div>\n\t\t\t\t\t<\/div>\n\t\t<\/div>\n\t\t\t\t\t<\/div>\n\t\t<\/section>\n\t\t\t\t<\/div>\n\t\t","protected":false},"excerpt":{"rendered":"<p>T\u00e9rminos y Condiciones de Resistencias Mar del Plata.com y parriwatt .com Bienvenidos a www.resistenciasmdp.com.ar \/ https:\/\/saunasresistenciasmdp.com \/ www.parriwatt.com\u00a0(el \u201cSitio\u201d) de<\/p>\n","protected":false},"author":1,"featured_media":0,"parent":0,"menu_order":0,"comment_status":"closed","ping_status":"open","template":"elementor_header_footer","meta":{"om_disable_all_campaigns":false,"footnotes":""},"class_list":["post-3","page","type-page","status-publish","hentry"],"_hostinger_reach_plugin_has_subscription_block":false,"_hostinger_reach_plugin_is_elementor":false,"jetpack_sharing_enabled":true,"_links":{"self":[{"href":"https:\/\/saunasresistenciasmdp.com\/index.php\/wp-json\/wp\/v2\/pages\/3","targetHints":{"allow":["GET"]}}],"collection":[{"href":"https:\/\/saunasresistenciasmdp.com\/index.php\/wp-json\/wp\/v2\/pages"}],"about":[{"href":"https:\/\/saunasresistenciasmdp.com\/index.php\/wp-json\/wp\/v2\/types\/page"}],"author":[{"embeddable":true,"href":"https:\/\/saunasresistenciasmdp.com\/index.php\/wp-json\/wp\/v2\/users\/1"}],"replies":[{"embeddable":true,"href":"https:\/\/saunasresistenciasmdp.com\/index.php\/wp-json\/wp\/v2\/comments?post=3"}],"version-history":[{"count":3,"href":"https:\/\/saunasresistenciasmdp.com\/index.php\/wp-json\/wp\/v2\/pages\/3\/revisions"}],"predecessor-version":[{"id":8607,"href":"https:\/\/saunasresistenciasmdp.com\/index.php\/wp-json\/wp\/v2\/pages\/3\/revisions\/8607"}],"wp:attachment":[{"href":"https:\/\/saunasresistenciasmdp.com\/index.php\/wp-json\/wp\/v2\/media?parent=3"}],"curies":[{"name":"wp","href":"https:\/\/api.w.org\/{rel}","templated":true}]}}