{"id":8498,"date":"2022-11-25T13:28:59","date_gmt":"2022-11-25T13:28:59","guid":{"rendered":"https:\/\/saunasresistenciasmdp.com\/?post_type=product&#038;p=8498"},"modified":"2025-08-04T20:30:05","modified_gmt":"2025-08-04T20:30:05","slug":"resistencia-blindada-inox-304-4500w-380v-c-brida2-l270mm-sauna-humedo-rmp","status":"publish","type":"product","link":"https:\/\/saunasresistenciasmdp.com\/index.php\/product\/resistencia-blindada-inox-304-4500w-380v-c-brida2-l270mm-sauna-humedo-rmp\/","title":{"rendered":"RESISTENCIA BLINDADA INOX 304 4500W\/380V C\/BRIDA2 L:270MM [SAUNA HUMEDO RMP]"},"content":{"rendered":"<p><span>Garant\u00eda de calidad<\/span><br \/>\n<span>PRODUCTOS DISE\u00d1ADOS Y FABRICADOS CON MATERIALES DE ALTA CALIDAD PARA QUE DUREN TODA UNA VIDA<\/span><br \/>\n<span>Somos la empresa L\u00edder de Argentina en la fabricaci\u00f3n de resistencias el\u00e9ctricas y equipos el\u00e9ctricos navales industriales y comerciales<\/span><\/p>\n<p><span>Equip\u00e1 tu hogar o emprendimiento con la mejor tecnolog\u00eda en saunas<\/span><br \/>\n<span>Garantizamos m\u00e1xima calidad y eficiencia en nuestros productos.<\/span><\/p>\n<p>Resistencia blindada de inmersion<\/p>\n<p>Cabezal de bronce 2&#8243;<\/p>\n<p>Elementos resitivos de acero inoxidable cal 304<\/p>\n<p>(3x1000w \/ 380v)<\/p>\n","protected":false},"excerpt":{"rendered":"<p>Garant\u00eda de calidad PRODUCTOS DISE\u00d1ADOS Y FABRICADOS CON MATERIALES DE ALTA CALIDAD PARA QUE DUREN TODA UNA VIDA Somos la<\/p>\n","protected":false},"featured_media":8500,"comment_status":"open","ping_status":"closed","template":"","meta":{"om_disable_all_campaigns":false},"product_brand":[],"product_cat":[85,21,80,79],"product_tag":[],"class_list":{"0":"post-8498","1":"product","2":"type-product","3":"status-publish","4":"has-post-thumbnail","6":"product_cat-repuestos","7":"product_cat-repouestos-de-sauna","8":"product_cat-resistencia-sauna","9":"product_cat-sauna-humedo","11":"first","12":"onbackorder","13":"sale","14":"shipping-taxable","15":"purchasable","16":"product-type-simple"},"jetpack_sharing_enabled":true,"_links":{"self":[{"href":"https:\/\/saunasresistenciasmdp.com\/index.php\/wp-json\/wp\/v2\/product\/8498","targetHints":{"allow":["GET"]}}],"collection":[{"href":"https:\/\/saunasresistenciasmdp.com\/index.php\/wp-json\/wp\/v2\/product"}],"about":[{"href":"https:\/\/saunasresistenciasmdp.com\/index.php\/wp-json\/wp\/v2\/types\/product"}],"replies":[{"embeddable":true,"href":"https:\/\/saunasresistenciasmdp.com\/index.php\/wp-json\/wp\/v2\/comments?post=8498"}],"version-history":[{"count":1,"href":"https:\/\/saunasresistenciasmdp.com\/index.php\/wp-json\/wp\/v2\/product\/8498\/revisions"}],"predecessor-version":[{"id":8501,"href":"https:\/\/saunasresistenciasmdp.com\/index.php\/wp-json\/wp\/v2\/product\/8498\/revisions\/8501"}],"wp:featuredmedia":[{"embeddable":true,"href":"https:\/\/saunasresistenciasmdp.com\/index.php\/wp-json\/wp\/v2\/media\/8500"}],"wp:attachment":[{"href":"https:\/\/saunasresistenciasmdp.com\/index.php\/wp-json\/wp\/v2\/media?parent=8498"}],"wp:term":[{"taxonomy":"product_brand","embeddable":true,"href":"https:\/\/saunasresistenciasmdp.com\/index.php\/wp-json\/wp\/v2\/product_brand?post=8498"},{"taxonomy":"product_cat","embeddable":true,"href":"https:\/\/saunasresistenciasmdp.com\/index.php\/wp-json\/wp\/v2\/product_cat?post=8498"},{"taxonomy":"product_tag","embeddable":true,"href":"https:\/\/saunasresistenciasmdp.com\/index.php\/wp-json\/wp\/v2\/product_tag?post=8498"}],"curies":[{"name":"wp","href":"https:\/\/api.w.org\/{rel}","templated":true}]}}