{"id":8646,"date":"2022-12-01T15:09:59","date_gmt":"2022-12-01T15:09:59","guid":{"rendered":"https:\/\/saunasresistenciasmdp.com\/?post_type=product&#038;p=8646"},"modified":"2025-08-04T20:25:12","modified_gmt":"2025-08-04T20:25:12","slug":"sauna-seco-3-kw-inox-t304-tablero-con-control-de-temp-digital","status":"publish","type":"product","link":"https:\/\/saunasresistenciasmdp.com\/index.php\/product\/sauna-seco-3-kw-inox-t304-tablero-con-control-de-temp-digital\/","title":{"rendered":"SAUNA SECO | 6KW 220V\/380V | INOX T304 | TABLERO CON CONTROL DE TEMP DIGITAL"},"content":{"rendered":"<div id=\"collapse-description\" class=\"desc-collapse showup\">\n<p><span style=\"vertical-align: inherit;\"><span style=\"vertical-align: inherit;\">Garant\u00eda de calidad <\/span><\/span><br \/>\n<span style=\"vertical-align: inherit;\"><span style=\"vertical-align: inherit;\">PRODUCTOS DISE\u00d1ADOS Y FABRICADOS CON MATERIALES DE ALTA CALIDAD PARA QUE DUREN TODA UNA VIDA <\/span><\/span><br \/>\n<span style=\"vertical-align: inherit;\"><span style=\"vertical-align: inherit;\">Somos la empresa L\u00edder de Argentina en la fabricaci\u00f3n de resistencias el\u00e9ctricas y equipos el\u00e9ctricos navales industriales y comerciales<\/span><\/span><\/p>\n<p><span style=\"vertical-align: inherit;\"><span style=\"vertical-align: inherit;\">Equip\u00e1 tu hogar o emprendimiento con la mejor tecnolog\u00eda en saunas <\/span><\/span><br \/>\n<span style=\"vertical-align: inherit;\"><span style=\"vertical-align: inherit;\">Garantizamos m\u00e1xima calidad y eficiencia en nuestros productos.<\/span><\/span><\/p>\n<\/div>\n<p><span style=\"vertical-align: inherit;\"><span style=\"vertical-align: inherit;\">Calefactor p\/sauna de acero inox. <\/span><span style=\"vertical-align: inherit;\">calidad 304<\/span><\/span><\/p>\n<div id=\"collapse-description\" class=\"desc-collapse showup\">\n<p><span style=\"vertical-align: inherit;\"><span style=\"vertical-align: inherit;\">bandeja antiderrame<\/span><\/span><\/p>\n<p><span style=\"vertical-align: inherit;\"><span style=\"vertical-align: inherit;\">Con aislamiento de manta ceramica<\/span><\/span><\/p>\n<p><span style=\"vertical-align: inherit;\"><span style=\"vertical-align: inherit;\">Tablero con control de temperatura digital<\/span><\/span><\/p>\n<p><span style=\"vertical-align: inherit;\"><span style=\"vertical-align: inherit;\">Ideal para spa<\/span><\/span><\/p>\n<p><span style=\"vertical-align: inherit;\"><span style=\"vertical-align: inherit;\">Potencia 6000w (6KW)<\/span><\/span><\/p>\n<p><span style=\"vertical-align: inherit;\"><span style=\"vertical-align: inherit;\">Voltaje: 220v\/380v<\/span><\/span><\/p>\n<\/div>\n","protected":false},"excerpt":{"rendered":"<p>Garant\u00eda de calidad PRODUCTOS DISE\u00d1ADOS Y FABRICADOS CON MATERIALES DE ALTA CALIDAD PARA QUE DUREN TODA UNA VIDA Somos la<\/p>\n","protected":false},"featured_media":8455,"comment_status":"open","ping_status":"closed","template":"","meta":{"om_disable_all_campaigns":false},"product_brand":[],"product_cat":[72,75],"product_tag":[76],"class_list":{"0":"post-8646","1":"product","2":"type-product","3":"status-publish","4":"has-post-thumbnail","6":"product_cat-sauna-seco","7":"product_cat-tablero-digital","8":"product_tag-sauna-seco-con-tablero-digital-potencia-3kw","10":"first","11":"instock","12":"sale","13":"shipping-taxable","14":"purchasable","15":"product-type-simple"},"jetpack_sharing_enabled":true,"_links":{"self":[{"href":"https:\/\/saunasresistenciasmdp.com\/index.php\/wp-json\/wp\/v2\/product\/8646","targetHints":{"allow":["GET"]}}],"collection":[{"href":"https:\/\/saunasresistenciasmdp.com\/index.php\/wp-json\/wp\/v2\/product"}],"about":[{"href":"https:\/\/saunasresistenciasmdp.com\/index.php\/wp-json\/wp\/v2\/types\/product"}],"replies":[{"embeddable":true,"href":"https:\/\/saunasresistenciasmdp.com\/index.php\/wp-json\/wp\/v2\/comments?post=8646"}],"version-history":[{"count":10,"href":"https:\/\/saunasresistenciasmdp.com\/index.php\/wp-json\/wp\/v2\/product\/8646\/revisions"}],"predecessor-version":[{"id":8937,"href":"https:\/\/saunasresistenciasmdp.com\/index.php\/wp-json\/wp\/v2\/product\/8646\/revisions\/8937"}],"wp:featuredmedia":[{"embeddable":true,"href":"https:\/\/saunasresistenciasmdp.com\/index.php\/wp-json\/wp\/v2\/media\/8455"}],"wp:attachment":[{"href":"https:\/\/saunasresistenciasmdp.com\/index.php\/wp-json\/wp\/v2\/media?parent=8646"}],"wp:term":[{"taxonomy":"product_brand","embeddable":true,"href":"https:\/\/saunasresistenciasmdp.com\/index.php\/wp-json\/wp\/v2\/product_brand?post=8646"},{"taxonomy":"product_cat","embeddable":true,"href":"https:\/\/saunasresistenciasmdp.com\/index.php\/wp-json\/wp\/v2\/product_cat?post=8646"},{"taxonomy":"product_tag","embeddable":true,"href":"https:\/\/saunasresistenciasmdp.com\/index.php\/wp-json\/wp\/v2\/product_tag?post=8646"}],"curies":[{"name":"wp","href":"https:\/\/api.w.org\/{rel}","templated":true}]}}